{"id":4301,"date":"2018-11-28T17:34:39","date_gmt":"2018-11-28T16:34:39","guid":{"rendered":"http:\/\/rapport-activite.service-medical-grandest.com\/archives-en-ligne\/2018\/?page_id=4301"},"modified":"2018-11-28T17:36:40","modified_gmt":"2018-11-28T16:36:40","slug":"politique-de-confidentialite","status":"publish","type":"page","link":"http:\/\/rapport-activite.service-medical-grandest.com\/archives-en-ligne\/2018\/politique-de-confidentialite\/","title":{"rendered":"Politique de confidentialit\u00e9"},"content":{"rendered":"<p>Le Service M\u00e9dical Nord-Est s\u2019engage \u00e0 prot\u00e9ger votre vie priv\u00e9e. Contactez-nous si vous avez des questions ou des probl\u00e8mes concernant l\u2019utilisation de vos donn\u00e9es personnelles et nous serons heureux de vous aider.<\/p>\n<p>En utilisant ce site et \/ ou nos services, vous acceptez le traitement de vos donn\u00e9es personnelles tel que d\u00e9crit dans cette politique de confidentialit\u00e9.<\/p>\n<h2>Table des mati\u00e8res<\/h2>\n<ol>\n<li><a href=\"#gdpr-definitions\">D\u00e9finitions utilis\u00e9es dans cette politique<\/a><\/li>\n<li><a href=\"#gdpr-principles\">Principes de protection des donn\u00e9es que nous respectons<\/a><\/li>\n<li><a href=\"#gdpr-rights\">Quels sont vos droits par rapport \u00e0 vos donn\u00e9es personnelles ?<\/a><\/li>\n<li><a href=\"#gdpr-information\">Quelles donn\u00e9es personnelles recueillons-nous \u00e0 votre sujet ?<\/a><\/li>\n<li><a href=\"#gdpr-processing\">Comment utilisons-nous vos donn\u00e9es personnelles ?<\/a><\/li>\n<li><a href=\"#gdpr-sharing\">Qui d\u2019autre a acc\u00e8s \u00e0 vos donn\u00e9es personnelles ?<\/a><\/li>\n<li><a href=\"#gdpr-security\">Comment nous s\u00e9curisons vos donn\u00e9es ?<\/a><\/li>\n<li><a href=\"#gdpr-cookies\">Informations sur les cookies<\/a><\/li>\n<li><a href=\"#gdpr-contact\">Informations de contact<\/a><\/li>\n<\/ol>\n<p>&nbsp;<\/p>\n<h2 id=\"gdpr-definitions\">D\u00e9finitions<\/h2>\n<p><strong>Donn\u00e9es personnelles<\/strong> \u2013 toute information relative \u00e0 une personne physique identifi\u00e9e ou identifiable.<br \/>\n<strong>Traitement<\/strong> \u2013 toute op\u00e9ration ou ensemble d&rsquo;op\u00e9rations qui est effectu\u00e9 sur des donn\u00e9es personnelles ou sur des ensembles de donn\u00e9es personnelles.<br \/>\n<strong>Personne concern\u00e9e<\/strong> &#8211; une personne physique dont les donn\u00e9es personnelles sont en cours de traitement.<br \/>\n<strong>Nous \/ nous<\/strong> (capitalis\u00e9s ou non) \u2013 Le Service M\u00e9dical Nord-Est<\/p>\n<p>&nbsp;<\/p>\n<h2 id=\"gdpr-principles\">Principes de protection des donn\u00e9es<\/h2>\n<p>Nous nous engageons \u00e0 respecter les principes de protection des donn\u00e9es suivants :<\/p>\n<ul>\n<li>Le traitement est l\u00e9gal, juste, transparent. Nos activit\u00e9s de traitement ont des motifs l\u00e9gitimes. Nous consid\u00e9rons toujours vos droits avant de traiter les donn\u00e9es personnelles. Nous vous fournirons des informations concernant le traitement sur demande.<\/li>\n<li>Le traitement est limit\u00e9 \u00e0 sa finalit\u00e9. Nos activit\u00e9s de traitement correspondent \u00e0 la finalit\u00e9 pour laquelle les donn\u00e9es personnelles ont \u00e9t\u00e9 collect\u00e9es.<\/li>\n<li>Le traitement est effectu\u00e9 avec un minimum de donn\u00e9es. Nous collectons et traitons uniquement la quantit\u00e9 minimale de donn\u00e9es personnelles requises \u00e0 quelque fin que ce soit. Le traitement est limit\u00e9 dans le temps. Nous ne conserverons pas vos donn\u00e9es personnelles plus longtemps que n\u00e9cessaire.<\/li>\n<li>Nous ferons de notre mieux pour assurer l\u2019exactitude des donn\u00e9es.<\/li>\n<li>Nous ferons de notre mieux pour assurer l\u2019int\u00e9grit\u00e9 et la confidentialit\u00e9 des donn\u00e9es.<\/li>\n<\/ul>\n<p>&nbsp;<\/p>\n<h2 id=\"gdpr-rights\">Droits de la personne concern\u00e9e<\/h2>\n<p>La personne concern\u00e9e peut exercer ses droits :<\/p>\n<ol>\n<li>Droit \u00e0 l\u2019information &#8211; ce qui signifie que vous devez savoir si vos donn\u00e9es personnelles sont en cours de traitement; quelles sont les donn\u00e9es collect\u00e9es, d\u2019o\u00f9 elles proviennent et pourquoi et par qui elles sont trait\u00e9es.<\/li>\n<li>Droit d\u2019acc\u00e8s &#8211; ce qui signifie que vous avez le droit d\u2019acc\u00e9der aux donn\u00e9es collect\u00e9es de \/ \u00e0 votre sujet. Cela inclut votre droit de demander et d\u2019obtenir une copie de vos donn\u00e9es personnelles recueillies.<\/li>\n<li>Droit de rectification &#8211; vous avez le droit de demander la rectification ou l\u2019effacement de vos donn\u00e9es personnelles qui sont inexactes ou incompl\u00e8tes.<\/li>\n<li>Droit de suppression &#8211; dans certaines circonstances, vous pouvez demander que vos donn\u00e9es personnelles soient effac\u00e9es de nos archives.<\/li>\n<li>Droit de restreindre le traitement &#8211; sous certaines conditions, vous avez le droit de restreindre le traitement de vos donn\u00e9es personnelles.<\/li>\n<li>Droit d\u2019opposition au traitement &#8211; dans certains cas que vous avez le droit de vous opposer au traitement de vos donn\u00e9es personnelles, par exemple dans le cas du marketing direct.<\/li>\n<li>Droit de s\u2019opposer au traitement automatis\u00e9 &#8211; vous avez le droit de vous opposer au traitement automatis\u00e9, y compris le profilage; et ne pas \u00eatre soumis \u00e0 une d\u00e9cision bas\u00e9e uniquement sur le traitement automatis\u00e9. Vous pouvez exercer ce droit \u00e0 chaque fois qu\u2019il y a un r\u00e9sultat du profilage qui produit des effets juridiques vous concernant ou vous affectant de mani\u00e8re significative.<\/li>\n<li>Droit \u00e0 la portabilit\u00e9 des donn\u00e9es &#8211; vous avez le droit d&rsquo;obtenir vos donn\u00e9es personnelles dans un format lisible par machine ou, si cela est faisable, comme un transfert direct d&rsquo;un processeur \u00e0 un autre.<\/li>\n<li>Droit de d\u00e9poser une plainte &#8211; dans le cas o\u00f9 nous refusons votre demande en vertu de vos droits d\u2019acc\u00e8s, nous vous fournirons une raison pour laquelle ce n\u2019est pas possible. Si vous n\u2019\u00eates pas satisfait de la mani\u00e8re dont votre demande a \u00e9t\u00e9 trait\u00e9e, veuillez nous contacter.<\/li>\n<li>Droit \u00e0 l\u2019aide de l\u2019autorit\u00e9 de surveillance (CNIL) &#8211; signifie que vous avez le droit \u00e0 l\u2019aide d\u2019une autorit\u00e9 de surveillance et le droit d\u2019autres recours juridiques tels que la r\u00e9clamation des dommages &amp; int\u00e9r\u00eats.<\/li>\n<li>Droit de retirer votre consentement &#8211; vous avez le droit de retirer tout consentement donn\u00e9 pour le traitement de vos donn\u00e9es personnelles.<\/li>\n<\/ol>\n<p>&nbsp;<\/p>\n<h2 id=\"gdpr-information\">Donn\u00e9es que nous recueillons<\/h2>\n<p><strong>Informations que vous nous avez fournies<\/strong><br \/>\nIl peut s&rsquo;agir de votre adresse e-mail, de votre nom, de votre adresse de facturation, de votre adresse personnelle, etc., principalement des informations n\u00e9cessaires pour vous livrer un produit \/ service ou pour am\u00e9liorer votre exp\u00e9rience client avec nous. Nous enregistrons les informations que vous nous fournissez afin que vous puissiez par exemple commenter ou effectuer d&rsquo;autres activit\u00e9s sur notre site Web. Ces informations incluent, par exemple, votre nom et votre adresse e-mail.<\/p>\n<p><strong>Informations collect\u00e9es automatiquement \u00e0 votre sujet<\/strong><br \/>\nCela inclut les informations stock\u00e9es automatiquement par les cookies et autres outils de session. Par exemple votre adresse IP, votre e-mail, votre identifiant, etc. Ces informations sont utilis\u00e9es pour am\u00e9liorer votre exp\u00e9rience client. Lorsque vous utilisez nos services ou que vous consultez le contenu de notre site Web, vos activit\u00e9s peuvent \u00eatre consign\u00e9es.<\/p>\n<p><strong>Informations de nos partenaires<\/strong><br \/>\nSi nous devons recueillir des informations aupr\u00e8s de nos partenaires de confiance, nous le ferons avec la confirmation qu\u2019ils ont des raisons l\u00e9gales de partager ces informations avec nous. Il peut s\u2019agir soit d\u2019informations que vous leur avez fournies directement ou qu\u2019ils ont recueillies \u00e0 votre sujet pour d\u2019autres motifs juridiques.<\/p>\n<p><strong>Informations disponibles publiquement<\/strong><br \/>\nSi n\u00e9cessaire nous pourrions recueillir des informations \u00e0 votre sujet qui sont publiquement disponibles.<\/p>\n<p>&nbsp;<\/p>\n<h2 id=\"gdpr-processing\">Comment utilisons-nous vos donn\u00e9es personnelles<\/h2>\n<p>Nous utilisons vos donn\u00e9es personnelles pour :<\/p>\n<ul>\n<li>vous apporter notre meilleur service, mais aussi pour simplement communiquer et interagir avec vous, parfois vous informer des changements apport\u00e9s \u00e0 nos services<\/li>\n<li>am\u00e9liorer votre exp\u00e9rience client<\/li>\n<li>remplir une obligation l\u00e9gale ou contractuelle<\/li>\n<\/ul>\n<p>Nous utilisons vos donn\u00e9es personnelles pour des motifs l\u00e9gitimes et \/ ou avec votre consentement.<\/p>\n<p>En raison de la conclusion d\u2019un contrat ou de l\u2019ex\u00e9cution d\u2019obligations contractuelles, nous traitons vos donn\u00e9es personnelles aux fins suivantes :<\/p>\n<ul>\n<li>pour vous identifier<\/li>\n<li>vous fournir un service ou vous envoyer \/ vous offrir un produit<\/li>\n<li>communiquer soit pour la vente ou la facturation<\/li>\n<\/ul>\n<p>Sur la base d&rsquo;un int\u00e9r\u00eat l\u00e9gitime, nous traitons vos donn\u00e9es personnelles aux fins suivantes:<\/p>\n<ul>\n<li>administrer et analyser notre client\u00e8le (comportement d\u2019achat et historique) afin d&rsquo;am\u00e9liorer la qualit\u00e9, la vari\u00e9t\u00e9 et la disponibilit\u00e9 de nos services<\/li>\n<li>mener des questionnaires sur la satisfaction de nos clients<\/li>\n<\/ul>\n<p>Tant que vous ne nous avez pas inform\u00e9s du contraire, nous continuerons de proc\u00e9der \u00e0 cet usage.<\/p>\n<p>Avec votre consentement, nous traitons vos donn\u00e9es personnelles aux fins suivantes:<\/p>\n<ul>\n<li>vous envoyer des bulletins d&rsquo;information et des offres de campagne de notre part uniquement<\/li>\n<li>\u00e0 d&rsquo;autres fins, nous avons demand\u00e9 votre consentement pour traiter vos demandes de brief, de contact, de candidature, de formation\u2026<\/li>\n<\/ul>\n<p>Nous traitons vos donn\u00e9es personnelles afin de remplir les obligations d\u00e9coulant de la loi et \/ ou utiliser vos donn\u00e9es personnelles pour les options pr\u00e9vues par la loi. Nous nous r\u00e9servons le droit d\u2019anonymiser les donn\u00e9es personnelles recueillies et d\u2019utiliser ces donn\u00e9es. Nous n\u2019utiliserons psa des donn\u00e9es en dehors du champ d\u2019application de cette politique sauf si elles sont anonymis\u00e9es. Nous conservons vos informations de facturation et autres informations recueillies \u00e0 votre sujet aussi longtemps que n\u00e9cessaire \u00e0 des fins comptables ou d\u2019autres obligations d\u00e9coulant de la loi.<\/p>\n<p>Nous pourrions traiter vos donn\u00e9es personnelles \u00e0 d&rsquo;autres fins qui ne sont pas mentionn\u00e9es ici, mais qui sont compatibles avec l\u2019objectif initial pour lequel les donn\u00e9es ont \u00e9t\u00e9 collect\u00e9es. Pour ce faire, nous veillerons \u00e0 ce que:<\/p>\n<ul>\n<li>le lien entre les finalit\u00e9s, le contexte et la nature des donn\u00e9es personnelles est adapt\u00e9 \u00e0 un traitement ult\u00e9rieur<\/li>\n<li>le traitement ult\u00e9rieur ne nuirait pas \u00e0 vos int\u00e9r\u00eats<\/li>\n<li>qu\u2019il y aurait une sauvegarde appropri\u00e9e pour le traitement.<\/li>\n<\/ul>\n<p>Nous vous informerons de tout traitement ult\u00e9rieur et de ses finalit\u00e9s.<\/p>\n<p>&nbsp;<\/p>\n<h2 id=\"gdpr-sharing\">Qui d\u2019autre peut acc\u00e9der \u00e0 vos donn\u00e9es personnelles<\/h2>\n<p>Nous ne partageons pas vos donn\u00e9es personnelles avec des entit\u00e9es \u00e9trang\u00e8res. Dans certains cas, des donn\u00e9es personnelles vous concernant sont fournies \u00e0 nos partenaires de confiance afin de nous permettre de vous fournir le meilleur service possible ou d\u2019am\u00e9liorer votre exp\u00e9rience client. Nous pouvons \u00eatre amen\u00e9 \u00e0 partager vos donn\u00e9es avec nos freelances, nos partenaires financiers, nos partenaires tiers<\/p>\n<p>Nous pr\u00eatons attention \u00e0 travailler uniquement avec des partenaires de traitement capables d&rsquo;assurer un niveau ad\u00e9quat de protection de vos donn\u00e9es personnelles. Nous ne divulguons vos donn\u00e9es personnelles \u00e0 des tiers que lorsque nous sommes l\u00e9galement tenus de le faire. Nous pourrions divulguer vos donn\u00e9es personnelles \u00e0 des tiers si vous y avez consenti ou s\u2019il existe d\u2019autres motifs l\u00e9gaux.<\/p>\n<p>&nbsp;<\/p>\n<h2 id=\"gdpr-security\">Comment nous s\u00e9curisons vos donn\u00e9es<\/h2>\n<p>Nous faisons de notre mieux pour prot\u00e9ger vos donn\u00e9es personnelles. Nous utilisons des protocoles s\u00e9curis\u00e9s pour la communication et le transfert de donn\u00e9es (tel que HTTPS). Nous utilisons l&rsquo;anonymisation et le pseudonymage lorsque cela est appropri\u00e9. Nous surveillons nos syst\u00e8mes pour d\u00e9tecter d&rsquo;\u00e9ventuelles vuln\u00e9rabilit\u00e9s et attaques. Nos syst\u00e8mes informatiques sont prot\u00e9g\u00e9s (Firewall, antivirus) et mis \u00e0 jour r\u00e9guli\u00e8rement (mises \u00e0 jour de s\u00e9curit\u00e9, syst\u00e8me, logiciels\u2026). Des op\u00e9rations de maintenance r\u00e9guli\u00e8res sont en place pour anticiper d\u2019\u00e9ventuels probl\u00e8mes.<\/p>\n<p>M\u00eame si nous faisons de notre mieux, nous ne pouvons pas garantir la s\u00e9curit\u00e9 de l\u2019information. Cependant, nous nous engageons \u00e0 informer les autorit\u00e9s comp\u00e9tentes des violations de donn\u00e9es. Nous vous aviserons \u00e9galement s\u2019il existe une menace pour vos droits ou int\u00e9r\u00eats. Nous ferons tout ce qui est raisonnablement possible pour pr\u00e9venir les violations de la s\u00e9curit\u00e9 et aider les autorit\u00e9s en cas de violation.<\/p>\n<p>Si vous avez un compte chez nous, pour quelque service que ce soit (e-mail, compte en ligne, acc\u00e8s cloud\u2026) sachez que vous devez garder votre nom d\u2019utilisateur et votre mot de passe secrets et que vous et nous sommes co-responsable en cas de probl\u00e8me.<\/p>\n<h2 id=\"gdpr-cookies\">Nous utilisons des cookies aux fins suivantes :<\/h2>\n<p>Nous utilisons des cookies et \/ ou des technologies similaires pour analyser le comportement des clients, administrer le site Web, suivre les mouvements des utilisateurs et collecter des informations sur les utilisateurs. Ceci est fait afin de personnaliser et d&rsquo;am\u00e9liorer votre exp\u00e9rience avec nous.<\/p>\n<p>Un cookie est un petit fichier texte stock\u00e9 sur votre ordinateur. Les cookies stockent les informations utilis\u00e9es pour aider \u00e0 faire fonctionner les sites. Seulement nous pouvons acc\u00e9der aux cookies cr\u00e9\u00e9s par notre site Web. Vous pouvez contr\u00f4ler vos cookies au niveau du navigateur. Choisir de d\u00e9sactiver les cookies peut vous emp\u00eacher d&rsquo;utiliser certaines fonctions<\/p>\n<p><strong>Nous pouvons \u00eatre amen\u00e9s \u00e0 utiliser le syst\u00e8me de cookies dans les cas suivants :<\/strong><\/p>\n<ul>\n<li>Cookies n\u00e9cessaires \u2014 ces cookies sont n\u00e9cessaires pour que vous puissiez utiliser certaines fonctionnalit\u00e9s importantes sur notre site Web, telles que la connexion (le cas \u00e9ch\u00e9ant). Ces cookies ne collectent aucune information personnelle.<\/li>\n<li>Cookies de fonctionnalit\u00e9 \u2014 ces cookies fournissent des fonctionnalit\u00e9s qui rendent l\u2019utilisation de notre service plus pratique et permettent le cas \u00e9ch\u00e9ant d\u2019offrir des fonctionnalit\u00e9s plus personnalis\u00e9es. Par exemple, ils peuvent se souvenir de votre nom et de votre adresse e-mail dans des formulaires de commentaire. Vous n&rsquo;avez donc pas besoin de ressaisir cette information la prochaine fois que vous commentez.<\/li>\n<li>Cookies analytiques \u2014 ces cookies sont utilis\u00e9s pour suivre l&rsquo;utilisation et les performances de notre site Web et de nos services<\/li>\n<li>Cookies publicitaires \u2014 ces cookies sont utilis\u00e9s pour diffuser des publicit\u00e9s pertinentes pour vous et vos int\u00e9r\u00eats. En outre, ils sont utilis\u00e9s pour limiter le nombre de fois que vous voyez une publicit\u00e9. Ils sont g\u00e9n\u00e9ralement plac\u00e9s sur le site Web par des r\u00e9seaux publicitaires avec la permission de l&rsquo;op\u00e9rateur du site. Ces cookies \u201cse souviennent\u201d que vous avez visit\u00e9 un site Web et que ces informations sont partag\u00e9es avec d\u2019autres organisations telles que les annonceurs. Souvent, les cookies de ciblage ou de publicit\u00e9 seront li\u00e9s aux fonctionnalit\u00e9s du site fournies par une autre entreprise.<\/li>\n<\/ul>\n<p>Vous pouvez supprimer les cookies stock\u00e9s dans votre ordinateur via les param\u00e8tres de votre navigateur. Vous pouvez \u00e9galement contr\u00f4ler certains cookies tiers en utilisant une plate-forme d&rsquo;am\u00e9lioration de la confidentialit\u00e9. Pour plus d&rsquo;informations sur les cookies, visitez le site cnil.fr<\/p>\n<p>Nous utilisons Google Analytics pour mesurer le trafic sur notre site Web. Google a sa propre politique de confidentialit\u00e9 que <a href=\"https:\/\/support.google.com\/analytics\/answer\/6004245\" target=\"_blank\" rel=\"noopener\">vous pouvez consulter<\/a>. Si vous souhaitez d\u00e9sactiver le suivi par Google Analytics, <a href=\"https:\/\/tools.google.com\/dlpage\/gaoptout\" target=\"_blank\" rel=\"noopener\">consultez la page de d\u00e9sactivation de Google Analytic<\/a>s.<\/p>\n<p>&nbsp;<\/p>\n<h2>Responsable de la protection des donn\u00e9es<\/h2>\n<p>G\u00e9rard Deshayes<\/p>\n<p>&nbsp;<\/p>\n<h2 id=\"gdpr-changes\">Modifications de la politique de confidentialit\u00e9<\/h2>\n<p>Nous pouvons effectuer des modifications \u00e0 cette politique de confidentialit\u00e9.<br \/>\nLa derni\u00e8re modification a \u00e9t\u00e9 effectu\u00e9e le 14 Juin 2018.<\/p>\n","protected":false},"excerpt":{"rendered":"<p>Le Service M\u00e9dical Nord-Est s\u2019engage \u00e0 prot\u00e9ger votre vie priv\u00e9e. Contactez-nous si vous avez des questions ou des probl\u00e8mes concernant l\u2019utilisation de vos donn\u00e9es personnelles et nous serons heureux de vous aider. En utilisant ce site et \/ ou nos services, vous acceptez le traitement de vos donn\u00e9es personnelles tel que d\u00e9crit dans cette politique [&hellip;]<\/p>\n","protected":false},"author":1,"featured_media":0,"parent":0,"menu_order":0,"comment_status":"closed","ping_status":"closed","template":"","meta":{"footnotes":""},"_links":{"self":[{"href":"http:\/\/rapport-activite.service-medical-grandest.com\/archives-en-ligne\/2018\/wp-json\/wp\/v2\/pages\/4301"}],"collection":[{"href":"http:\/\/rapport-activite.service-medical-grandest.com\/archives-en-ligne\/2018\/wp-json\/wp\/v2\/pages"}],"about":[{"href":"http:\/\/rapport-activite.service-medical-grandest.com\/archives-en-ligne\/2018\/wp-json\/wp\/v2\/types\/page"}],"author":[{"embeddable":true,"href":"http:\/\/rapport-activite.service-medical-grandest.com\/archives-en-ligne\/2018\/wp-json\/wp\/v2\/users\/1"}],"replies":[{"embeddable":true,"href":"http:\/\/rapport-activite.service-medical-grandest.com\/archives-en-ligne\/2018\/wp-json\/wp\/v2\/comments?post=4301"}],"version-history":[{"count":2,"href":"http:\/\/rapport-activite.service-medical-grandest.com\/archives-en-ligne\/2018\/wp-json\/wp\/v2\/pages\/4301\/revisions"}],"predecessor-version":[{"id":4303,"href":"http:\/\/rapport-activite.service-medical-grandest.com\/archives-en-ligne\/2018\/wp-json\/wp\/v2\/pages\/4301\/revisions\/4303"}],"wp:attachment":[{"href":"http:\/\/rapport-activite.service-medical-grandest.com\/archives-en-ligne\/2018\/wp-json\/wp\/v2\/media?parent=4301"}],"curies":[{"name":"wp","href":"https:\/\/api.w.org\/{rel}","templated":true}]}}